{"id":18,"date":"2012-07-26T08:26:10","date_gmt":"2012-07-26T08:26:10","guid":{"rendered":"https:\/\/arnomikkor.com\/pulmafoto\/?page_id=18"},"modified":"2026-01-26T14:19:13","modified_gmt":"2026-01-26T11:19:13","slug":"kontakt","status":"publish","type":"page","link":"https:\/\/arnomikkor.com\/pulmafoto\/kontakt\/","title":{"rendered":"KONTAKT"},"content":{"rendered":"<p style=\"text-align: left;\">K\u00fcsige lisainfot v\u00f5i hinnapakkumist siit<br \/>(sisestatud info on n\u00e4htav ainult Arnole):<\/p>\n<p style=\"text-align: left;\"><div class='fluentform ff-default fluentform_wrapper_1 ffs_default_wrap'><form data-form_id=\"1\" id=\"fluentform_1\" class=\"frm-fluent-form fluent_form_1 ff-el-form-top ff_form_instance_1_1 ff-form-loading ffs_default\" data-form_instance=\"ff_form_instance_1_1\" method=\"POST\" ><fieldset  style=\"border: none!important;margin: 0!important;padding: 0!important;background-color: transparent!important;box-shadow: none!important;outline: none!important; min-inline-size: 100%;\">\n                    <legend class=\"ff_screen_reader_title\" style=\"display: block; margin: 0!important;padding: 0!important;height: 0!important;text-indent: -999999px;width: 0!important;overflow:hidden;\">Kontaktivorm<\/legend><p style=\"display: none !important;\" class=\"akismet-fields-container\" data-prefix=\"ak_\"><label>&#916;<textarea name=\"ak_hp_textarea\" cols=\"45\" rows=\"8\" maxlength=\"100\"><\/textarea><\/label><input type=\"hidden\" id=\"ak_js_1\" name=\"ak_js\" value=\"250\"\/><script>document.getElementById( \"ak_js_1\" ).setAttribute( \"value\", ( new Date() ).getTime() );<\/script><\/p><input type='hidden' name='__fluent_form_embded_post_id' value='18' \/><input type=\"hidden\" id=\"_fluentform_1_fluentformnonce\" name=\"_fluentform_1_fluentformnonce\" value=\"024bbeb4b9\" \/><input type=\"hidden\" name=\"_wp_http_referer\" value=\"\/pulmafoto\/wp-json\/wp\/v2\/pages\/18\" \/><div data-type=\"name-element\" data-name=\"names\" class=\" ff-field_container ff-name-field-wrapper\" ><div class='ff-t-container'><div class='ff-t-cell '><div class='ff-el-group'><div class='ff-el-input--content'><input type=\"text\" name=\"names[first_name]\" id=\"ff_1_names_first_name_\" class=\"ff-el-form-control\" placeholder=\"Nimi\" aria-invalid=\"false\" aria-required=true><\/div><\/div><\/div><\/div><\/div><div class='ff-el-group'><div class='ff-el-input--content'><input type=\"email\" name=\"email\" id=\"ff_1_email\" class=\"ff-el-form-control\" placeholder=\"Emailaadress\" data-name=\"email\"  aria-invalid=\"false\" aria-required=true><\/div><\/div><div class='ff-el-group'><div class='ff-el-input--content'><textarea aria-required=\"true\" aria-labelledby=\"label_ff_1_message\" name=\"message\" id=\"ff_1_message\" class=\"ff-el-form-control\" placeholder=\"Kirja sisu\" rows=\"4\" cols=\"2\" data-name=\"message\" ><\/textarea><\/div><\/div><div class='ff-el-group ff-text-left ff_submit_btn_wrapper'><button type=\"submit\" class=\"ff-btn ff-btn-submit ff-btn-md ff_btn_style\"  aria-label=\"Saada kiri!\">Saada kiri!<\/button><\/div><\/fieldset><\/form><div id='fluentform_1_errors' class='ff-errors-in-stack ff_form_instance_1_1 ff-form-loading_errors ff_form_instance_1_1_errors'><\/div><\/div>            <script type=\"text\/javascript\">\n                window.fluent_form_ff_form_instance_1_1 = {\"id\":\"1\",\"settings\":{\"layout\":{\"labelPlacement\":\"top\",\"helpMessagePlacement\":\"with_label\",\"errorMessagePlacement\":\"inline\",\"cssClassName\":\"\",\"asteriskPlacement\":\"asterisk-right\"},\"restrictions\":{\"denyEmptySubmission\":{\"enabled\":false}}},\"form_instance\":\"ff_form_instance_1_1\",\"form_id_selector\":\"fluentform_1\",\"rules\":{\"names[first_name]\":{\"required\":{\"value\":true,\"message\":\"This field is required\",\"global\":false,\"global_message\":\"This field is required\"}},\"names[middle_name]\":{\"required\":{\"value\":false,\"message\":\"This field is required\",\"global\":false,\"global_message\":\"This field is required\"}},\"names[last_name]\":{\"required\":{\"value\":false,\"message\":\"This field is required\",\"global\":false,\"global_message\":\"This field is required\"}},\"email\":{\"required\":{\"value\":true,\"message\":\"See on n\\u00f5utud v\\u00e4li\",\"global\":false,\"global_message\":\"This field is required\"},\"email\":{\"value\":true,\"message\":\"This field must contain a valid email\",\"global\":false,\"global_message\":\"This field must contain a valid email\"}},\"message\":{\"required\":{\"value\":true,\"message\":\"See on n\\u00f5utud v\\u00e4li\",\"global\":false,\"global_message\":\"This field is required\"}}},\"debounce_time\":300};\n                            <\/script>\n            <\/p>\n<p><img decoding=\"async\" class=\"alignnone wp-image-9591 size-full\" src=\"https:\/\/arnomikkor.com\/pulmafoto\/wp-content\/uploads\/2024\/03\/3145_20210717_lai-ja-pisike.jpg\" alt=\"\" width=\"1700\" height=\"803\" srcset=\"https:\/\/arnomikkor.com\/pulmafoto\/wp-content\/uploads\/2024\/03\/3145_20210717_lai-ja-pisike.jpg 1700w, https:\/\/arnomikkor.com\/pulmafoto\/wp-content\/uploads\/2024\/03\/3145_20210717_lai-ja-pisike-300x142.jpg 300w, https:\/\/arnomikkor.com\/pulmafoto\/wp-content\/uploads\/2024\/03\/3145_20210717_lai-ja-pisike-1024x484.jpg 1024w, https:\/\/arnomikkor.com\/pulmafoto\/wp-content\/uploads\/2024\/03\/3145_20210717_lai-ja-pisike-1536x726.jpg 1536w, https:\/\/arnomikkor.com\/pulmafoto\/wp-content\/uploads\/2024\/03\/3145_20210717_lai-ja-pisike-600x283.jpg 600w, https:\/\/arnomikkor.com\/pulmafoto\/wp-content\/uploads\/2024\/03\/3145_20210717_lai-ja-pisike-940x444.jpg 940w\" sizes=\"(max-width: 1700px) 100vw, 1700px\" \/><br \/>Mul on endast t\u00f6\u00f6hoos v\u00e4ga v\u00e4he pilte ja needki v\u00e4hesed on enamasti enda tehtud. See siin on tehtud Triinu ja Olari pulmapeol Mokko maahotellis \u00c4nkk\u00fclas J\u00f5gevamaal.\u00a0<\/p>\n<p style=\"text-align: center;\">Fotograaf Arno Mikkor<br \/>arno [at] arnomikkor.com<br \/>tel +372 52 01 458<\/p>\n<p class=\"western\"><strong>Kord, juba p\u00e4ris mitu aastat tagasi<\/strong>, sain oma \u00fcllatuseks kutse tulla pildistama pulma, \u00fcks s\u00f5ber oli mind soovitanud. See oli suur pidu ja toimus mere taga Muhu saarel. Takkaj\u00e4rgi imestan oma hulljulgust seda t\u00f6\u00f6d vastu v\u00f5tta, sest pildistasin laenatud kaameraga, mida olin enne \u00fche korra proovida saanud, aga osaliselt t\u00e4nu heale \u00f5nnele l\u00e4ks k\u00f5ik korda ja kliendid j\u00e4id minuga rahule. N\u00fc\u00fcd on juba m\u00f5nda aega olnud, et pulmade pildistamine on \u00fcks p\u00f5hilisemaid asju, millega kevadsuvisel ajal h\u00f5ivatud olen.<\/p>\n<p>Kas olen <strong>\u00f5ige fotograaf<\/strong> pildistama teie pulma, seda otsustate teie, aga tagasiside rohkem kui kahesajast pulmast, kus mul on olnud au fotograafiks olla, lubab arvata, et olen p\u00e4ris hea. T\u00e4nu pressifoto taustale, olen harjunud tegutsema kiirelt muutuvates olukordades ja minu entusiasmi stress ei murra. Pulmi olen pildistanud nii kevadel, suvel, s\u00fcgisel kui talvel k\u00e4redas pakases, lumesajus, vihmas, jaanieelses p\u00e4ikeses\u00e4ras ja novembri\u00f5htu pimeduses. P\u00e4ris olulise osa tehtud t\u00f6\u00f6dest moodustavad rahvusvahelised pulmad, lisaks moodsatele Eesti pulmadele olen pildistanud\u00a0 Eesti-Inglise, Eesti-Ameerika, Eesti-Soome, Eesti-Saksa, Eesti-Sloveenia, Eesti-Malaisia, Eesti-Austria ja Eesti-Austraalia pulmades.<\/p>\n<p><strong>Et pulmapildid tuleksid ajatud<\/strong>, olen valinud tee, et ei l\u00e4he v\u00e4rvide muutmisega liiale. Hoolitsen selle eest, et v\u00e4rvid oleksid kirkad ja inimesed s\u00e4ravad, aga ei varja seda s\u00e4ra ja neid hetki l\u00e4\u00e4ge t\u00f6\u00f6tluse taha. Sest see, mis praegu on moodne, ei pruugi seda olla enam 20 v\u00f5i enama aasta p\u00e4rast. Mina ei t\u00f6\u00f6tle pilte pruuniks. K\u00f5igist t\u00f6\u00f6deldud piltidest saate ka mustvalged variandid.<\/p>\n<p><strong>Otsin ilu hetkedest ja v\u00e4ikestest detailidest<\/strong> ja pean end pigem dokumentaalfotograafiks. Reportaa\u017eistiilis pildistan ma selle osa ajast, kui minu sekkumine segaks s\u00fcndmuse kulgu. Toredad inimesed, keda pildistan, on tihtipeale varasema poseerimiskogemuseta ja mulle sobib see h\u00e4sti. Hoolitsen selle eest, et pildistatavad ei tunneks end kaamera ees \u00fcksij\u00e4etu ja kohmetununa. Ma ei varja end kaamera taha, vaid suhtlen, r\u00e4\u00e4gin ja suunan s\u00f5bralikult, kui vaja. Minu fotosessioonid on \u00fcpris d\u00fcnaamilised ja kuna olen sportlik ja heas vormis,\u00a0 ronin vajadusel parema rakursi saamiseks kasv\u00f5i puu otsa.\u00a0<\/p>\n<p><strong>Hea pulmafotograaf on palju enamat<\/strong>, kui kaameraga tegelane teie pulmas. Kuna olen pulmades p\u00e4ris palju k\u00e4inud ja n\u00e4inud, mis toimib ja mis mitte, siis saan teile abiks olla oma kogemustega. Annan heal meelel n\u00f5u, enda maitset ma peale ei suru. Oskan soovitada erinevaid tegijaid- paaripanijad, pulmaisad, b\u00e4ndid, videograafid, dekoreerijad, meikarid. Olen neid n\u00e4inud nii nende parimatel kui ka rasketel hetkedel, see on info, mida foorumites ei liigu :). Oskan n\u00f5u anda ka ajakava ja erinevate lahenduste osas, tean ka p\u00e4ris mitmete peokohtade v\u00f5imalusi. Pildistamiskohtade v\u00e4ljam\u00f5tlemine on samuti minu \u00fclesanne, nende osas ei pea teie nuputama.<\/p>\n<p><strong>Pulmad, see on seiklus, unistuste t\u00e4itumise ja elumuutuse p\u00e4ev<\/strong> ja olen r\u00f5\u00f5mus, kui saan oma t\u00f6\u00f6ga peo ladusale kulgemisele kaasa aidata. Endiselt on see minu jaoks ime ja olen t\u00e4nulik pruutpaaridele, kes on usaldanud mulle selle p\u00e4eva emotsioonide j\u00e4\u00e4dvustamise.<\/p>\n<p>Kohtumiseni!<br \/>Arno<br \/>pulmafotograaf<\/p>\n<p><img decoding=\"async\" class=\"alignnone size-full wp-image-9439\" src=\"https:\/\/arnomikkor.com\/pulmafoto\/wp-content\/uploads\/2024\/01\/366247371_1437986190318483_6350590739949876216_n-Paul-Poderat-ruut.jpg\" alt=\"\" width=\"1359\" height=\"1359\" srcset=\"https:\/\/arnomikkor.com\/pulmafoto\/wp-content\/uploads\/2024\/01\/366247371_1437986190318483_6350590739949876216_n-Paul-Poderat-ruut.jpg 1359w, https:\/\/arnomikkor.com\/pulmafoto\/wp-content\/uploads\/2024\/01\/366247371_1437986190318483_6350590739949876216_n-Paul-Poderat-ruut-150x150@2x.jpg 300w, https:\/\/arnomikkor.com\/pulmafoto\/wp-content\/uploads\/2024\/01\/366247371_1437986190318483_6350590739949876216_n-Paul-Poderat-ruut-1024x1024.jpg 1024w, https:\/\/arnomikkor.com\/pulmafoto\/wp-content\/uploads\/2024\/01\/366247371_1437986190318483_6350590739949876216_n-Paul-Poderat-ruut-150x150.jpg 150w, https:\/\/arnomikkor.com\/pulmafoto\/wp-content\/uploads\/2024\/01\/366247371_1437986190318483_6350590739949876216_n-Paul-Poderat-ruut-600x600.jpg 600w, https:\/\/arnomikkor.com\/pulmafoto\/wp-content\/uploads\/2024\/01\/366247371_1437986190318483_6350590739949876216_n-Paul-Poderat-ruut-940x940.jpg 940w, https:\/\/arnomikkor.com\/pulmafoto\/wp-content\/uploads\/2024\/01\/366247371_1437986190318483_6350590739949876216_n-Paul-Poderat-ruut-144x144.jpg 144w\" sizes=\"(max-width: 1359px) 100vw, 1359px\" \/><\/p>\n\n\n<p>Pulmapeol Valgamaal grupipilti tegemas, pildistas Paul Poderat<\/p>\n","protected":false},"excerpt":{"rendered":"<p>K\u00fcsige lisainfot v\u00f5i hinnapakkumist siit(sisestatud info on n\u00e4htav ainult Arnole): Mul on endast t\u00f6\u00f6hoos v\u00e4ga v\u00e4he pilte ja needki v\u00e4hesed on enamasti enda tehtud. See siin on tehtud Triinu ja\u2026 <span class=\"read-btn\"><a class=\"read-more\" href=\"https:\/\/arnomikkor.com\/pulmafoto\/kontakt\/\">Read More &rarr;<\/a><\/span><\/p>\n","protected":false},"author":1,"featured_media":0,"parent":0,"menu_order":0,"comment_status":"closed","ping_status":"open","template":"","meta":{"footnotes":""},"class_list":["post-18","page","type-page","status-publish","hentry"],"yoast_head":"<!-- This site is optimized with the Yoast SEO plugin v27.3 - https:\/\/yoast.com\/product\/yoast-seo-wordpress\/ -->\n<title>KONTAKT - Pulmafotograaf Arno Mikkor<\/title>\n<meta name=\"robots\" content=\"index, follow, max-snippet:-1, max-image-preview:large, max-video-preview:-1\" \/>\n<link rel=\"canonical\" href=\"https:\/\/arnomikkor.com\/pulmafoto\/kontakt\/\" \/>\n<meta property=\"og:locale\" content=\"et_EE\" \/>\n<meta property=\"og:type\" content=\"article\" \/>\n<meta property=\"og:title\" content=\"KONTAKT - Pulmafotograaf Arno Mikkor\" \/>\n<meta property=\"og:description\" content=\"K\u00fcsige lisainfot v\u00f5i hinnapakkumist siit(sisestatud info on n\u00e4htav ainult Arnole): Mul on endast t\u00f6\u00f6hoos v\u00e4ga v\u00e4he pilte ja needki v\u00e4hesed on enamasti enda tehtud. See siin on tehtud Triinu ja\u2026 Read More &rarr;\" \/>\n<meta property=\"og:url\" content=\"https:\/\/arnomikkor.com\/pulmafoto\/kontakt\/\" \/>\n<meta property=\"og:site_name\" content=\"Pulmafotograaf Arno Mikkor\" \/>\n<meta property=\"article:modified_time\" content=\"2026-01-26T11:19:13+00:00\" \/>\n<meta property=\"og:image\" content=\"https:\/\/arnomikkor.com\/pulmafoto\/wp-content\/uploads\/2024\/03\/3145_20210717_lai-ja-pisike.jpg\" \/>\n\t<meta property=\"og:image:width\" content=\"1700\" \/>\n\t<meta property=\"og:image:height\" content=\"803\" \/>\n\t<meta property=\"og:image:type\" content=\"image\/jpeg\" \/>\n<meta name=\"twitter:card\" content=\"summary_large_image\" \/>\n<meta name=\"twitter:label1\" content=\"Est. reading time\" \/>\n\t<meta name=\"twitter:data1\" content=\"4 minutit\" \/>\n<script type=\"application\/ld+json\" class=\"yoast-schema-graph\">{\"@context\":\"https:\\\/\\\/schema.org\",\"@graph\":[{\"@type\":\"WebPage\",\"@id\":\"https:\\\/\\\/arnomikkor.com\\\/pulmafoto\\\/kontakt\\\/\",\"url\":\"https:\\\/\\\/arnomikkor.com\\\/pulmafoto\\\/kontakt\\\/\",\"name\":\"KONTAKT - Pulmafotograaf Arno Mikkor\",\"isPartOf\":{\"@id\":\"https:\\\/\\\/arnomikkor.com\\\/pulmafoto\\\/#website\"},\"primaryImageOfPage\":{\"@id\":\"https:\\\/\\\/arnomikkor.com\\\/pulmafoto\\\/kontakt\\\/#primaryimage\"},\"image\":{\"@id\":\"https:\\\/\\\/arnomikkor.com\\\/pulmafoto\\\/kontakt\\\/#primaryimage\"},\"thumbnailUrl\":\"https:\\\/\\\/arnomikkor.com\\\/pulmafoto\\\/wp-content\\\/uploads\\\/2024\\\/03\\\/3145_20210717_lai-ja-pisike.jpg\",\"datePublished\":\"2012-07-26T08:26:10+00:00\",\"dateModified\":\"2026-01-26T11:19:13+00:00\",\"breadcrumb\":{\"@id\":\"https:\\\/\\\/arnomikkor.com\\\/pulmafoto\\\/kontakt\\\/#breadcrumb\"},\"inLanguage\":\"et\",\"potentialAction\":[{\"@type\":\"ReadAction\",\"target\":[\"https:\\\/\\\/arnomikkor.com\\\/pulmafoto\\\/kontakt\\\/\"]}]},{\"@type\":\"ImageObject\",\"inLanguage\":\"et\",\"@id\":\"https:\\\/\\\/arnomikkor.com\\\/pulmafoto\\\/kontakt\\\/#primaryimage\",\"url\":\"https:\\\/\\\/arnomikkor.com\\\/pulmafoto\\\/wp-content\\\/uploads\\\/2024\\\/03\\\/3145_20210717_lai-ja-pisike.jpg\",\"contentUrl\":\"https:\\\/\\\/arnomikkor.com\\\/pulmafoto\\\/wp-content\\\/uploads\\\/2024\\\/03\\\/3145_20210717_lai-ja-pisike.jpg\",\"width\":1700,\"height\":803},{\"@type\":\"BreadcrumbList\",\"@id\":\"https:\\\/\\\/arnomikkor.com\\\/pulmafoto\\\/kontakt\\\/#breadcrumb\",\"itemListElement\":[{\"@type\":\"ListItem\",\"position\":1,\"name\":\"Home\",\"item\":\"https:\\\/\\\/arnomikkor.com\\\/pulmafoto\\\/\"},{\"@type\":\"ListItem\",\"position\":2,\"name\":\"KONTAKT\"}]},{\"@type\":\"WebSite\",\"@id\":\"https:\\\/\\\/arnomikkor.com\\\/pulmafoto\\\/#website\",\"url\":\"https:\\\/\\\/arnomikkor.com\\\/pulmafoto\\\/\",\"name\":\"Pulmafotograaf Arno Mikkor\",\"description\":\"Pildistan ilusad hetked ajatuteks fotodeks!\",\"publisher\":{\"@id\":\"https:\\\/\\\/arnomikkor.com\\\/pulmafoto\\\/#\\\/schema\\\/person\\\/b21c9c37d775c4f7f7373be2d82f0618\"},\"potentialAction\":[{\"@type\":\"SearchAction\",\"target\":{\"@type\":\"EntryPoint\",\"urlTemplate\":\"https:\\\/\\\/arnomikkor.com\\\/pulmafoto\\\/?s={search_term_string}\"},\"query-input\":{\"@type\":\"PropertyValueSpecification\",\"valueRequired\":true,\"valueName\":\"search_term_string\"}}],\"inLanguage\":\"et\"},{\"@type\":[\"Person\",\"Organization\"],\"@id\":\"https:\\\/\\\/arnomikkor.com\\\/pulmafoto\\\/#\\\/schema\\\/person\\\/b21c9c37d775c4f7f7373be2d82f0618\",\"name\":\"Sinitaevas\",\"image\":{\"@type\":\"ImageObject\",\"inLanguage\":\"et\",\"@id\":\"https:\\\/\\\/arnomikkor.com\\\/pulmafoto\\\/wp-content\\\/uploads\\\/2024\\\/03\\\/Arno-Mikkor-fotograaf.png\",\"url\":\"https:\\\/\\\/arnomikkor.com\\\/pulmafoto\\\/wp-content\\\/uploads\\\/2024\\\/03\\\/Arno-Mikkor-fotograaf.png\",\"contentUrl\":\"https:\\\/\\\/arnomikkor.com\\\/pulmafoto\\\/wp-content\\\/uploads\\\/2024\\\/03\\\/Arno-Mikkor-fotograaf.png\",\"width\":972,\"height\":972,\"caption\":\"Sinitaevas\"},\"logo\":{\"@id\":\"https:\\\/\\\/arnomikkor.com\\\/pulmafoto\\\/wp-content\\\/uploads\\\/2024\\\/03\\\/Arno-Mikkor-fotograaf.png\"}}]}<\/script>\n<!-- \/ Yoast SEO plugin. -->","yoast_head_json":{"title":"KONTAKT - Pulmafotograaf Arno Mikkor","robots":{"index":"index","follow":"follow","max-snippet":"max-snippet:-1","max-image-preview":"max-image-preview:large","max-video-preview":"max-video-preview:-1"},"canonical":"https:\/\/arnomikkor.com\/pulmafoto\/kontakt\/","og_locale":"et_EE","og_type":"article","og_title":"KONTAKT - Pulmafotograaf Arno Mikkor","og_description":"K\u00fcsige lisainfot v\u00f5i hinnapakkumist siit(sisestatud info on n\u00e4htav ainult Arnole): Mul on endast t\u00f6\u00f6hoos v\u00e4ga v\u00e4he pilte ja needki v\u00e4hesed on enamasti enda tehtud. See siin on tehtud Triinu ja\u2026 Read More &rarr;","og_url":"https:\/\/arnomikkor.com\/pulmafoto\/kontakt\/","og_site_name":"Pulmafotograaf Arno Mikkor","article_modified_time":"2026-01-26T11:19:13+00:00","og_image":[{"width":1700,"height":803,"url":"https:\/\/arnomikkor.com\/pulmafoto\/wp-content\/uploads\/2024\/03\/3145_20210717_lai-ja-pisike.jpg","type":"image\/jpeg"}],"twitter_card":"summary_large_image","twitter_misc":{"Est. reading time":"4 minutit"},"schema":{"@context":"https:\/\/schema.org","@graph":[{"@type":"WebPage","@id":"https:\/\/arnomikkor.com\/pulmafoto\/kontakt\/","url":"https:\/\/arnomikkor.com\/pulmafoto\/kontakt\/","name":"KONTAKT - Pulmafotograaf Arno Mikkor","isPartOf":{"@id":"https:\/\/arnomikkor.com\/pulmafoto\/#website"},"primaryImageOfPage":{"@id":"https:\/\/arnomikkor.com\/pulmafoto\/kontakt\/#primaryimage"},"image":{"@id":"https:\/\/arnomikkor.com\/pulmafoto\/kontakt\/#primaryimage"},"thumbnailUrl":"https:\/\/arnomikkor.com\/pulmafoto\/wp-content\/uploads\/2024\/03\/3145_20210717_lai-ja-pisike.jpg","datePublished":"2012-07-26T08:26:10+00:00","dateModified":"2026-01-26T11:19:13+00:00","breadcrumb":{"@id":"https:\/\/arnomikkor.com\/pulmafoto\/kontakt\/#breadcrumb"},"inLanguage":"et","potentialAction":[{"@type":"ReadAction","target":["https:\/\/arnomikkor.com\/pulmafoto\/kontakt\/"]}]},{"@type":"ImageObject","inLanguage":"et","@id":"https:\/\/arnomikkor.com\/pulmafoto\/kontakt\/#primaryimage","url":"https:\/\/arnomikkor.com\/pulmafoto\/wp-content\/uploads\/2024\/03\/3145_20210717_lai-ja-pisike.jpg","contentUrl":"https:\/\/arnomikkor.com\/pulmafoto\/wp-content\/uploads\/2024\/03\/3145_20210717_lai-ja-pisike.jpg","width":1700,"height":803},{"@type":"BreadcrumbList","@id":"https:\/\/arnomikkor.com\/pulmafoto\/kontakt\/#breadcrumb","itemListElement":[{"@type":"ListItem","position":1,"name":"Home","item":"https:\/\/arnomikkor.com\/pulmafoto\/"},{"@type":"ListItem","position":2,"name":"KONTAKT"}]},{"@type":"WebSite","@id":"https:\/\/arnomikkor.com\/pulmafoto\/#website","url":"https:\/\/arnomikkor.com\/pulmafoto\/","name":"Pulmafotograaf Arno Mikkor","description":"Pildistan ilusad hetked ajatuteks fotodeks!","publisher":{"@id":"https:\/\/arnomikkor.com\/pulmafoto\/#\/schema\/person\/b21c9c37d775c4f7f7373be2d82f0618"},"potentialAction":[{"@type":"SearchAction","target":{"@type":"EntryPoint","urlTemplate":"https:\/\/arnomikkor.com\/pulmafoto\/?s={search_term_string}"},"query-input":{"@type":"PropertyValueSpecification","valueRequired":true,"valueName":"search_term_string"}}],"inLanguage":"et"},{"@type":["Person","Organization"],"@id":"https:\/\/arnomikkor.com\/pulmafoto\/#\/schema\/person\/b21c9c37d775c4f7f7373be2d82f0618","name":"Sinitaevas","image":{"@type":"ImageObject","inLanguage":"et","@id":"https:\/\/arnomikkor.com\/pulmafoto\/wp-content\/uploads\/2024\/03\/Arno-Mikkor-fotograaf.png","url":"https:\/\/arnomikkor.com\/pulmafoto\/wp-content\/uploads\/2024\/03\/Arno-Mikkor-fotograaf.png","contentUrl":"https:\/\/arnomikkor.com\/pulmafoto\/wp-content\/uploads\/2024\/03\/Arno-Mikkor-fotograaf.png","width":972,"height":972,"caption":"Sinitaevas"},"logo":{"@id":"https:\/\/arnomikkor.com\/pulmafoto\/wp-content\/uploads\/2024\/03\/Arno-Mikkor-fotograaf.png"}}]}},"_links":{"self":[{"href":"https:\/\/arnomikkor.com\/pulmafoto\/wp-json\/wp\/v2\/pages\/18","targetHints":{"allow":["GET"]}}],"collection":[{"href":"https:\/\/arnomikkor.com\/pulmafoto\/wp-json\/wp\/v2\/pages"}],"about":[{"href":"https:\/\/arnomikkor.com\/pulmafoto\/wp-json\/wp\/v2\/types\/page"}],"author":[{"embeddable":true,"href":"https:\/\/arnomikkor.com\/pulmafoto\/wp-json\/wp\/v2\/users\/1"}],"replies":[{"embeddable":true,"href":"https:\/\/arnomikkor.com\/pulmafoto\/wp-json\/wp\/v2\/comments?post=18"}],"version-history":[{"count":3,"href":"https:\/\/arnomikkor.com\/pulmafoto\/wp-json\/wp\/v2\/pages\/18\/revisions"}],"predecessor-version":[{"id":9849,"href":"https:\/\/arnomikkor.com\/pulmafoto\/wp-json\/wp\/v2\/pages\/18\/revisions\/9849"}],"wp:attachment":[{"href":"https:\/\/arnomikkor.com\/pulmafoto\/wp-json\/wp\/v2\/media?parent=18"}],"curies":[{"name":"wp","href":"https:\/\/api.w.org\/{rel}","templated":true}]}}