{"id":422,"date":"2012-10-01T05:40:23","date_gmt":"2012-10-01T05:40:23","guid":{"rendered":"https:\/\/arnomikkor.com\/pulmafoto\/?page_id=422"},"modified":"2020-02-12T15:55:16","modified_gmt":"2020-02-12T12:55:16","slug":"fotoraamatud","status":"publish","type":"page","link":"https:\/\/arnomikkor.com\/pulmafoto\/fotoraamatud\/","title":{"rendered":"Fotoraamatud"},"content":{"rendered":"<p>&nbsp;<\/p>\n\n        <style type='text\/css'>\n            #gallery-1 {\n                margin: auto;\n            }\n            #gallery-1 .gallery-item {\n                float: left;\n                margin-top: 10px;\n                text-align: center;\n                width: 25%;\n            }\n            #gallery-1 img {\n                border: 2px solid #cfcfcf;\n            }\n            #gallery-1 .gallery-caption {\n                margin-left: 0;\n            }\n        <\/style>\n        <!-- see gallery_shortcode() in wp-includes\/media.php -->\n\t\t<div id='gallery-1' class='gallery galleryid-422 gallery-columns-4 gallery-size-gallery-thumb'><dl class='gallery-item'>\n            <dt class='gallery-icon'>\n                <a href='https:\/\/arnomikkor.com\/pulmafoto\/wp-content\/uploads\/2012\/10\/2001_20140523.jpg'><img decoding=\"async\" width=\"480\" height=\"320\" src=\"https:\/\/arnomikkor.com\/pulmafoto\/wp-content\/uploads\/2012\/10\/2001_20140523.jpg\" class=\"attachment-gallery-thumb size-gallery-thumb\" alt=\"\" srcset=\"https:\/\/arnomikkor.com\/pulmafoto\/wp-content\/uploads\/2012\/10\/2001_20140523.jpg 851w, https:\/\/arnomikkor.com\/pulmafoto\/wp-content\/uploads\/2012\/10\/2001_20140523-300x199.jpg 300w\" sizes=\"(max-width: 480px) 100vw, 480px\" \/><\/a>\n            <\/dt><\/dl><dl class='gallery-item'>\n            <dt class='gallery-icon'>\n                <a href='https:\/\/arnomikkor.com\/pulmafoto\/wp-content\/uploads\/2012\/10\/1049_201405232.jpg'><img decoding=\"async\" width=\"480\" height=\"320\" src=\"https:\/\/arnomikkor.com\/pulmafoto\/wp-content\/uploads\/2012\/10\/1049_201405232.jpg\" class=\"attachment-gallery-thumb size-gallery-thumb\" alt=\"\" srcset=\"https:\/\/arnomikkor.com\/pulmafoto\/wp-content\/uploads\/2012\/10\/1049_201405232.jpg 851w, https:\/\/arnomikkor.com\/pulmafoto\/wp-content\/uploads\/2012\/10\/1049_201405232-300x199.jpg 300w\" sizes=\"(max-width: 480px) 100vw, 480px\" \/><\/a>\n            <\/dt><\/dl><dl class='gallery-item'>\n            <dt class='gallery-icon'>\n                <a href='https:\/\/arnomikkor.com\/pulmafoto\/wp-content\/uploads\/2012\/10\/2008_20140523.jpg'><img decoding=\"async\" width=\"480\" height=\"320\" src=\"https:\/\/arnomikkor.com\/pulmafoto\/wp-content\/uploads\/2012\/10\/2008_20140523.jpg\" class=\"attachment-gallery-thumb size-gallery-thumb\" alt=\"\" srcset=\"https:\/\/arnomikkor.com\/pulmafoto\/wp-content\/uploads\/2012\/10\/2008_20140523.jpg 851w, https:\/\/arnomikkor.com\/pulmafoto\/wp-content\/uploads\/2012\/10\/2008_20140523-300x199.jpg 300w\" sizes=\"(max-width: 480px) 100vw, 480px\" \/><\/a>\n            <\/dt><\/dl><dl class='gallery-item'>\n            <dt class='gallery-icon'>\n                <a href='https:\/\/arnomikkor.com\/pulmafoto\/wp-content\/uploads\/2012\/10\/1079_201405231.jpg'><img decoding=\"async\" width=\"480\" height=\"320\" src=\"https:\/\/arnomikkor.com\/pulmafoto\/wp-content\/uploads\/2012\/10\/1079_201405231.jpg\" class=\"attachment-gallery-thumb size-gallery-thumb\" alt=\"\" srcset=\"https:\/\/arnomikkor.com\/pulmafoto\/wp-content\/uploads\/2012\/10\/1079_201405231.jpg 851w, https:\/\/arnomikkor.com\/pulmafoto\/wp-content\/uploads\/2012\/10\/1079_201405231-300x199.jpg 300w\" sizes=\"(max-width: 480px) 100vw, 480px\" \/><\/a>\n            <\/dt><\/dl><br style=\"clear: both\" \/><dl class='gallery-item'>\n            <dt class='gallery-icon'>\n                <a href='https:\/\/arnomikkor.com\/pulmafoto\/wp-content\/uploads\/2012\/10\/3232.jpg'><img decoding=\"async\" width=\"480\" height=\"320\" src=\"https:\/\/arnomikkor.com\/pulmafoto\/wp-content\/uploads\/2012\/10\/3232.jpg\" class=\"attachment-gallery-thumb size-gallery-thumb\" alt=\"\" srcset=\"https:\/\/arnomikkor.com\/pulmafoto\/wp-content\/uploads\/2012\/10\/3232.jpg 800w, https:\/\/arnomikkor.com\/pulmafoto\/wp-content\/uploads\/2012\/10\/3232-300x199.jpg 300w\" sizes=\"(max-width: 480px) 100vw, 480px\" \/><\/a>\n            <\/dt><\/dl><dl class='gallery-item'>\n            <dt class='gallery-icon'>\n                <a href='https:\/\/arnomikkor.com\/pulmafoto\/wp-content\/uploads\/2012\/10\/3220.jpg'><img decoding=\"async\" width=\"480\" height=\"320\" src=\"https:\/\/arnomikkor.com\/pulmafoto\/wp-content\/uploads\/2012\/10\/3220.jpg\" class=\"attachment-gallery-thumb size-gallery-thumb\" alt=\"\" srcset=\"https:\/\/arnomikkor.com\/pulmafoto\/wp-content\/uploads\/2012\/10\/3220.jpg 800w, https:\/\/arnomikkor.com\/pulmafoto\/wp-content\/uploads\/2012\/10\/3220-300x199.jpg 300w\" sizes=\"(max-width: 480px) 100vw, 480px\" \/><\/a>\n            <\/dt><\/dl><dl class='gallery-item'>\n            <dt class='gallery-icon'>\n                <a href='https:\/\/arnomikkor.com\/pulmafoto\/wp-content\/uploads\/2012\/10\/3209.jpg'><img decoding=\"async\" width=\"480\" height=\"320\" src=\"https:\/\/arnomikkor.com\/pulmafoto\/wp-content\/uploads\/2012\/10\/3209.jpg\" class=\"attachment-gallery-thumb size-gallery-thumb\" alt=\"\" srcset=\"https:\/\/arnomikkor.com\/pulmafoto\/wp-content\/uploads\/2012\/10\/3209.jpg 800w, https:\/\/arnomikkor.com\/pulmafoto\/wp-content\/uploads\/2012\/10\/3209-300x199.jpg 300w\" sizes=\"(max-width: 480px) 100vw, 480px\" \/><\/a>\n            <\/dt><\/dl><dl class='gallery-item'>\n            <dt class='gallery-icon'>\n                <a href='https:\/\/arnomikkor.com\/pulmafoto\/wp-content\/uploads\/2012\/10\/3204.jpg'><img decoding=\"async\" width=\"480\" height=\"320\" src=\"https:\/\/arnomikkor.com\/pulmafoto\/wp-content\/uploads\/2012\/10\/3204.jpg\" class=\"attachment-gallery-thumb size-gallery-thumb\" alt=\"\" srcset=\"https:\/\/arnomikkor.com\/pulmafoto\/wp-content\/uploads\/2012\/10\/3204.jpg 800w, https:\/\/arnomikkor.com\/pulmafoto\/wp-content\/uploads\/2012\/10\/3204-300x199.jpg 300w\" sizes=\"(max-width: 480px) 100vw, 480px\" \/><\/a>\n            <\/dt><\/dl><br style=\"clear: both\" \/><dl class='gallery-item'>\n            <dt class='gallery-icon'>\n                <a href='https:\/\/arnomikkor.com\/pulmafoto\/wp-content\/uploads\/2012\/10\/3197.jpg'><img decoding=\"async\" width=\"480\" height=\"320\" src=\"https:\/\/arnomikkor.com\/pulmafoto\/wp-content\/uploads\/2012\/10\/3197.jpg\" class=\"attachment-gallery-thumb size-gallery-thumb\" alt=\"\" srcset=\"https:\/\/arnomikkor.com\/pulmafoto\/wp-content\/uploads\/2012\/10\/3197.jpg 800w, https:\/\/arnomikkor.com\/pulmafoto\/wp-content\/uploads\/2012\/10\/3197-300x199.jpg 300w\" sizes=\"(max-width: 480px) 100vw, 480px\" \/><\/a>\n            <\/dt><\/dl><dl class='gallery-item'>\n            <dt class='gallery-icon'>\n                <a href='https:\/\/arnomikkor.com\/pulmafoto\/wp-content\/uploads\/2012\/10\/3181.jpg'><img decoding=\"async\" width=\"480\" height=\"320\" src=\"https:\/\/arnomikkor.com\/pulmafoto\/wp-content\/uploads\/2012\/10\/3181.jpg\" class=\"attachment-gallery-thumb size-gallery-thumb\" alt=\"\" srcset=\"https:\/\/arnomikkor.com\/pulmafoto\/wp-content\/uploads\/2012\/10\/3181.jpg 800w, https:\/\/arnomikkor.com\/pulmafoto\/wp-content\/uploads\/2012\/10\/3181-300x199.jpg 300w\" sizes=\"(max-width: 480px) 100vw, 480px\" \/><\/a>\n            <\/dt><\/dl><dl class='gallery-item'>\n            <dt class='gallery-icon'>\n                <a href='https:\/\/arnomikkor.com\/pulmafoto\/wp-content\/uploads\/2012\/10\/3193.jpg'><img decoding=\"async\" width=\"480\" height=\"320\" src=\"https:\/\/arnomikkor.com\/pulmafoto\/wp-content\/uploads\/2012\/10\/3193.jpg\" class=\"attachment-gallery-thumb size-gallery-thumb\" alt=\"\" srcset=\"https:\/\/arnomikkor.com\/pulmafoto\/wp-content\/uploads\/2012\/10\/3193.jpg 800w, https:\/\/arnomikkor.com\/pulmafoto\/wp-content\/uploads\/2012\/10\/3193-300x199.jpg 300w\" sizes=\"(max-width: 480px) 100vw, 480px\" \/><\/a>\n            <\/dt><\/dl><dl class='gallery-item'>\n            <dt class='gallery-icon'>\n                <a href='https:\/\/arnomikkor.com\/pulmafoto\/wp-content\/uploads\/2012\/10\/1000_20131007.jpg'><img decoding=\"async\" width=\"480\" height=\"320\" src=\"https:\/\/arnomikkor.com\/pulmafoto\/wp-content\/uploads\/2012\/10\/1000_20131007.jpg\" class=\"attachment-gallery-thumb size-gallery-thumb\" alt=\"\" srcset=\"https:\/\/arnomikkor.com\/pulmafoto\/wp-content\/uploads\/2012\/10\/1000_20131007.jpg 851w, https:\/\/arnomikkor.com\/pulmafoto\/wp-content\/uploads\/2012\/10\/1000_20131007-300x199.jpg 300w\" sizes=\"(max-width: 480px) 100vw, 480px\" \/><\/a>\n            <\/dt><\/dl><br style=\"clear: both\" \/><dl class='gallery-item'>\n            <dt class='gallery-icon'>\n                <a href='https:\/\/arnomikkor.com\/pulmafoto\/wp-content\/uploads\/2012\/10\/7692_121103.jpg'><img decoding=\"async\" width=\"480\" height=\"320\" src=\"https:\/\/arnomikkor.com\/pulmafoto\/wp-content\/uploads\/2012\/10\/7692_121103.jpg\" class=\"attachment-gallery-thumb size-gallery-thumb\" alt=\"\" srcset=\"https:\/\/arnomikkor.com\/pulmafoto\/wp-content\/uploads\/2012\/10\/7692_121103.jpg 800w, https:\/\/arnomikkor.com\/pulmafoto\/wp-content\/uploads\/2012\/10\/7692_121103-300x199.jpg 300w\" sizes=\"(max-width: 480px) 100vw, 480px\" \/><\/a>\n            <\/dt><\/dl><dl class='gallery-item'>\n            <dt class='gallery-icon'>\n                <a href='https:\/\/arnomikkor.com\/pulmafoto\/wp-content\/uploads\/2012\/10\/7686_121103.jpg'><img decoding=\"async\" width=\"480\" height=\"320\" src=\"https:\/\/arnomikkor.com\/pulmafoto\/wp-content\/uploads\/2012\/10\/7686_121103.jpg\" class=\"attachment-gallery-thumb size-gallery-thumb\" alt=\"\" srcset=\"https:\/\/arnomikkor.com\/pulmafoto\/wp-content\/uploads\/2012\/10\/7686_121103.jpg 800w, https:\/\/arnomikkor.com\/pulmafoto\/wp-content\/uploads\/2012\/10\/7686_121103-300x199.jpg 300w\" sizes=\"(max-width: 480px) 100vw, 480px\" \/><\/a>\n            <\/dt><\/dl><dl class='gallery-item'>\n            <dt class='gallery-icon'>\n                <a href='https:\/\/arnomikkor.com\/pulmafoto\/wp-content\/uploads\/2012\/10\/7679_121103.jpg'><img decoding=\"async\" width=\"480\" height=\"320\" src=\"https:\/\/arnomikkor.com\/pulmafoto\/wp-content\/uploads\/2012\/10\/7679_121103.jpg\" class=\"attachment-gallery-thumb size-gallery-thumb\" alt=\"\" srcset=\"https:\/\/arnomikkor.com\/pulmafoto\/wp-content\/uploads\/2012\/10\/7679_121103.jpg 800w, https:\/\/arnomikkor.com\/pulmafoto\/wp-content\/uploads\/2012\/10\/7679_121103-300x199.jpg 300w\" sizes=\"(max-width: 480px) 100vw, 480px\" \/><\/a>\n            <\/dt><\/dl><dl class='gallery-item'>\n            <dt class='gallery-icon'>\n                <a href='https:\/\/arnomikkor.com\/pulmafoto\/wp-content\/uploads\/2012\/10\/6371_121015.jpg'><img decoding=\"async\" width=\"480\" height=\"320\" src=\"https:\/\/arnomikkor.com\/pulmafoto\/wp-content\/uploads\/2012\/10\/6371_121015.jpg\" class=\"attachment-gallery-thumb size-gallery-thumb\" alt=\"\" srcset=\"https:\/\/arnomikkor.com\/pulmafoto\/wp-content\/uploads\/2012\/10\/6371_121015.jpg 800w, https:\/\/arnomikkor.com\/pulmafoto\/wp-content\/uploads\/2012\/10\/6371_121015-300x199.jpg 300w\" sizes=\"(max-width: 480px) 100vw, 480px\" \/><\/a>\n            <\/dt><\/dl><br style=\"clear: both\" \/><dl class='gallery-item'>\n            <dt class='gallery-icon'>\n                <a href='https:\/\/arnomikkor.com\/pulmafoto\/wp-content\/uploads\/2012\/10\/3543_270912.jpg'><img decoding=\"async\" width=\"480\" height=\"320\" src=\"https:\/\/arnomikkor.com\/pulmafoto\/wp-content\/uploads\/2012\/10\/3543_270912.jpg\" class=\"attachment-gallery-thumb size-gallery-thumb\" alt=\"\" srcset=\"https:\/\/arnomikkor.com\/pulmafoto\/wp-content\/uploads\/2012\/10\/3543_270912.jpg 800w, https:\/\/arnomikkor.com\/pulmafoto\/wp-content\/uploads\/2012\/10\/3543_270912-300x199.jpg 300w\" sizes=\"(max-width: 480px) 100vw, 480px\" \/><\/a>\n            <\/dt><\/dl><dl class='gallery-item'>\n            <dt class='gallery-icon'>\n                <a href='https:\/\/arnomikkor.com\/pulmafoto\/wp-content\/uploads\/2012\/10\/3504_260912.jpg'><img decoding=\"async\" width=\"480\" height=\"333\" src=\"https:\/\/arnomikkor.com\/pulmafoto\/wp-content\/uploads\/2012\/10\/3504_260912.jpg\" class=\"attachment-gallery-thumb size-gallery-thumb\" alt=\"Esi- ja tagakaas\" srcset=\"https:\/\/arnomikkor.com\/pulmafoto\/wp-content\/uploads\/2012\/10\/3504_260912.jpg 800w, https:\/\/arnomikkor.com\/pulmafoto\/wp-content\/uploads\/2012\/10\/3504_260912-300x208.jpg 300w\" sizes=\"(max-width: 480px) 100vw, 480px\" \/><\/a>\n            <\/dt><\/dl><dl class='gallery-item'>\n            <dt class='gallery-icon'>\n                <a href='https:\/\/arnomikkor.com\/pulmafoto\/wp-content\/uploads\/2014\/10\/1_2073_20140925.jpg'><img decoding=\"async\" width=\"480\" height=\"400\" src=\"https:\/\/arnomikkor.com\/pulmafoto\/wp-content\/uploads\/2014\/10\/1_2073_20140925-480x400.jpg\" class=\"attachment-gallery-thumb size-gallery-thumb\" alt=\"\" \/><\/a>\n            <\/dt><\/dl><dl class='gallery-item'>\n            <dt class='gallery-icon'>\n                <a href='https:\/\/arnomikkor.com\/pulmafoto\/wp-content\/uploads\/2014\/10\/6_IMG_4801.jpg'><img decoding=\"async\" width=\"480\" height=\"400\" src=\"https:\/\/arnomikkor.com\/pulmafoto\/wp-content\/uploads\/2014\/10\/6_IMG_4801-480x400.jpg\" class=\"attachment-gallery-thumb size-gallery-thumb\" alt=\"\" \/><\/a>\n            <\/dt><\/dl><br style=\"clear: both\" \/><dl class='gallery-item'>\n            <dt class='gallery-icon'>\n                <a href='https:\/\/arnomikkor.com\/pulmafoto\/wp-content\/uploads\/2014\/10\/2_IMG_4792.jpg'><img decoding=\"async\" width=\"480\" height=\"400\" src=\"https:\/\/arnomikkor.com\/pulmafoto\/wp-content\/uploads\/2014\/10\/2_IMG_4792-480x400.jpg\" class=\"attachment-gallery-thumb size-gallery-thumb\" alt=\"\" \/><\/a>\n            <\/dt><\/dl><dl class='gallery-item'>\n            <dt class='gallery-icon'>\n                <a href='https:\/\/arnomikkor.com\/pulmafoto\/wp-content\/uploads\/2012\/10\/5_IMG_4799.jpg'><img decoding=\"async\" width=\"480\" height=\"400\" src=\"https:\/\/arnomikkor.com\/pulmafoto\/wp-content\/uploads\/2012\/10\/5_IMG_4799-480x400.jpg\" class=\"attachment-gallery-thumb size-gallery-thumb\" alt=\"\" \/><\/a>\n            <\/dt><\/dl>\n            <br style='clear: both;' \/>\n        <\/div>\n\n<p>&nbsp;<\/p>\n<p>Kujundan enda tehtud piltidest fotoraamatuid ja -albumeid. Valikus on neid kahte sorti. <strong>Raamatu t\u00fc\u00fcpi fotoraamat<\/strong> on korralikul paksul kriitpaberil, k\u00f5vade kaantega ja tugevas k\u00f6ites. <strong>Albumi t\u00fc\u00fcpi fotoraamatul<\/strong> on samuti k\u00f5vad fotoga kaaned, aga sisulehed on paksemad. Album avaneb t\u00e4issiledaks, t\u00e4nu millele on eriti efektsed \u00fcle kahe lehek\u00fclje ulatuvad panoraamfotod. Albumi t\u00fc\u00fcpi fotoraamatul on tulenevalt teistsugusest kujutise paberile kandmise tehnoloogiast eriti hea detailirikkusega tr\u00fckikvaliteet. Populaarseim on umbes A4 suuruses horisontaalformaat, v\u00f5imalikud on ka v\u00e4iksemad ja suuremad formaadid.<\/p>\n<p>Fotoraamat, erinevalt virtuaalsetest veebigaleriidest ja e-raamatutest, on reaalne ja k\u00e4egakatsutav asi. Pulmapiltidega DVD-plaat v\u00f5ib juba m\u00f5ne aastaga muutuda loetamatuks v\u00f5i kaduda plaadiriiulisse ja sinna ununedagi, kleebitud fotoalbumist pudenevad pildid aja jooksul v\u00e4lja. Fotoraamat on ajas p\u00fcsiv ja fotod teie elu ilusaimast peost s\u00e4ilivad raamatuna aastak\u00fcmneid.<\/p>\n<p>K\u00fcsige lisainfot v\u00f5i hinnapakkumist siit (sisestatud info on n\u00e4htav ainult Arnole):<\/p>\n<p>K\u00fcsi lisa v\u00f5i tee broneering siin:[bestwebsoft_contact_form]<\/p>\n","protected":false},"excerpt":{"rendered":"<p>&nbsp; &nbsp; Kujundan enda tehtud piltidest fotoraamatuid ja -albumeid. Valikus on neid kahte sorti. Raamatu t\u00fc\u00fcpi fotoraamat on korralikul paksul kriitpaberil, k\u00f5vade kaantega ja tugevas k\u00f6ites. Albumi t\u00fc\u00fcpi fotoraamatul on\u2026 <span class=\"read-btn\"><a class=\"read-more\" href=\"https:\/\/arnomikkor.com\/pulmafoto\/fotoraamatud\/\">Read More &rarr;<\/a><\/span><\/p>\n","protected":false},"author":1,"featured_media":0,"parent":0,"menu_order":0,"comment_status":"open","ping_status":"open","template":"","meta":{"footnotes":""},"class_list":["post-422","page","type-page","status-publish","hentry"],"yoast_head":"<!-- This site is optimized with the Yoast SEO plugin v27.3 - https:\/\/yoast.com\/product\/yoast-seo-wordpress\/ -->\n<title>Fotoraamatud - Pulmafotograaf Arno Mikkor<\/title>\n<meta name=\"robots\" content=\"index, follow, max-snippet:-1, max-image-preview:large, max-video-preview:-1\" \/>\n<link rel=\"canonical\" href=\"https:\/\/arnomikkor.com\/pulmafoto\/fotoraamatud\/\" \/>\n<meta property=\"og:locale\" content=\"et_EE\" \/>\n<meta property=\"og:type\" content=\"article\" \/>\n<meta property=\"og:title\" content=\"Fotoraamatud - Pulmafotograaf Arno Mikkor\" \/>\n<meta property=\"og:description\" content=\"&nbsp; &nbsp; Kujundan enda tehtud piltidest fotoraamatuid ja -albumeid. Valikus on neid kahte sorti. Raamatu t\u00fc\u00fcpi fotoraamat on korralikul paksul kriitpaberil, k\u00f5vade kaantega ja tugevas k\u00f6ites. Albumi t\u00fc\u00fcpi fotoraamatul on\u2026 Read More &rarr;\" \/>\n<meta property=\"og:url\" content=\"https:\/\/arnomikkor.com\/pulmafoto\/fotoraamatud\/\" \/>\n<meta property=\"og:site_name\" content=\"Pulmafotograaf Arno Mikkor\" \/>\n<meta property=\"article:modified_time\" content=\"2020-02-12T12:55:16+00:00\" \/>\n<meta property=\"og:image\" content=\"https:\/\/arnomikkor.com\/pulmafoto\/wp-content\/uploads\/2012\/10\/2001_20140523.jpg\" \/>\n<meta name=\"twitter:card\" content=\"summary_large_image\" \/>\n<meta name=\"twitter:label1\" content=\"Est. reading time\" \/>\n\t<meta name=\"twitter:data1\" content=\"1 minut\" \/>\n<script type=\"application\/ld+json\" class=\"yoast-schema-graph\">{\"@context\":\"https:\\\/\\\/schema.org\",\"@graph\":[{\"@type\":\"WebPage\",\"@id\":\"https:\\\/\\\/arnomikkor.com\\\/pulmafoto\\\/fotoraamatud\\\/\",\"url\":\"https:\\\/\\\/arnomikkor.com\\\/pulmafoto\\\/fotoraamatud\\\/\",\"name\":\"Fotoraamatud - Pulmafotograaf Arno Mikkor\",\"isPartOf\":{\"@id\":\"https:\\\/\\\/arnomikkor.com\\\/pulmafoto\\\/#website\"},\"datePublished\":\"2012-10-01T05:40:23+00:00\",\"dateModified\":\"2020-02-12T12:55:16+00:00\",\"breadcrumb\":{\"@id\":\"https:\\\/\\\/arnomikkor.com\\\/pulmafoto\\\/fotoraamatud\\\/#breadcrumb\"},\"inLanguage\":\"et\",\"potentialAction\":[{\"@type\":\"ReadAction\",\"target\":[\"https:\\\/\\\/arnomikkor.com\\\/pulmafoto\\\/fotoraamatud\\\/\"]}]},{\"@type\":\"BreadcrumbList\",\"@id\":\"https:\\\/\\\/arnomikkor.com\\\/pulmafoto\\\/fotoraamatud\\\/#breadcrumb\",\"itemListElement\":[{\"@type\":\"ListItem\",\"position\":1,\"name\":\"Home\",\"item\":\"https:\\\/\\\/arnomikkor.com\\\/pulmafoto\\\/\"},{\"@type\":\"ListItem\",\"position\":2,\"name\":\"Fotoraamatud\"}]},{\"@type\":\"WebSite\",\"@id\":\"https:\\\/\\\/arnomikkor.com\\\/pulmafoto\\\/#website\",\"url\":\"https:\\\/\\\/arnomikkor.com\\\/pulmafoto\\\/\",\"name\":\"Pulmafotograaf Arno Mikkor\",\"description\":\"Pildistan ilusad hetked ajatuteks fotodeks!\",\"publisher\":{\"@id\":\"https:\\\/\\\/arnomikkor.com\\\/pulmafoto\\\/#\\\/schema\\\/person\\\/b21c9c37d775c4f7f7373be2d82f0618\"},\"potentialAction\":[{\"@type\":\"SearchAction\",\"target\":{\"@type\":\"EntryPoint\",\"urlTemplate\":\"https:\\\/\\\/arnomikkor.com\\\/pulmafoto\\\/?s={search_term_string}\"},\"query-input\":{\"@type\":\"PropertyValueSpecification\",\"valueRequired\":true,\"valueName\":\"search_term_string\"}}],\"inLanguage\":\"et\"},{\"@type\":[\"Person\",\"Organization\"],\"@id\":\"https:\\\/\\\/arnomikkor.com\\\/pulmafoto\\\/#\\\/schema\\\/person\\\/b21c9c37d775c4f7f7373be2d82f0618\",\"name\":\"Sinitaevas\",\"image\":{\"@type\":\"ImageObject\",\"inLanguage\":\"et\",\"@id\":\"https:\\\/\\\/arnomikkor.com\\\/pulmafoto\\\/wp-content\\\/uploads\\\/2024\\\/03\\\/Arno-Mikkor-fotograaf.png\",\"url\":\"https:\\\/\\\/arnomikkor.com\\\/pulmafoto\\\/wp-content\\\/uploads\\\/2024\\\/03\\\/Arno-Mikkor-fotograaf.png\",\"contentUrl\":\"https:\\\/\\\/arnomikkor.com\\\/pulmafoto\\\/wp-content\\\/uploads\\\/2024\\\/03\\\/Arno-Mikkor-fotograaf.png\",\"width\":972,\"height\":972,\"caption\":\"Sinitaevas\"},\"logo\":{\"@id\":\"https:\\\/\\\/arnomikkor.com\\\/pulmafoto\\\/wp-content\\\/uploads\\\/2024\\\/03\\\/Arno-Mikkor-fotograaf.png\"}}]}<\/script>\n<!-- \/ Yoast SEO plugin. -->","yoast_head_json":{"title":"Fotoraamatud - Pulmafotograaf Arno Mikkor","robots":{"index":"index","follow":"follow","max-snippet":"max-snippet:-1","max-image-preview":"max-image-preview:large","max-video-preview":"max-video-preview:-1"},"canonical":"https:\/\/arnomikkor.com\/pulmafoto\/fotoraamatud\/","og_locale":"et_EE","og_type":"article","og_title":"Fotoraamatud - Pulmafotograaf Arno Mikkor","og_description":"&nbsp; &nbsp; Kujundan enda tehtud piltidest fotoraamatuid ja -albumeid. Valikus on neid kahte sorti. Raamatu t\u00fc\u00fcpi fotoraamat on korralikul paksul kriitpaberil, k\u00f5vade kaantega ja tugevas k\u00f6ites. Albumi t\u00fc\u00fcpi fotoraamatul on\u2026 Read More &rarr;","og_url":"https:\/\/arnomikkor.com\/pulmafoto\/fotoraamatud\/","og_site_name":"Pulmafotograaf Arno Mikkor","article_modified_time":"2020-02-12T12:55:16+00:00","og_image":[{"url":"https:\/\/arnomikkor.com\/pulmafoto\/wp-content\/uploads\/2012\/10\/2001_20140523.jpg","type":"","width":"","height":""}],"twitter_card":"summary_large_image","twitter_misc":{"Est. reading time":"1 minut"},"schema":{"@context":"https:\/\/schema.org","@graph":[{"@type":"WebPage","@id":"https:\/\/arnomikkor.com\/pulmafoto\/fotoraamatud\/","url":"https:\/\/arnomikkor.com\/pulmafoto\/fotoraamatud\/","name":"Fotoraamatud - Pulmafotograaf Arno Mikkor","isPartOf":{"@id":"https:\/\/arnomikkor.com\/pulmafoto\/#website"},"datePublished":"2012-10-01T05:40:23+00:00","dateModified":"2020-02-12T12:55:16+00:00","breadcrumb":{"@id":"https:\/\/arnomikkor.com\/pulmafoto\/fotoraamatud\/#breadcrumb"},"inLanguage":"et","potentialAction":[{"@type":"ReadAction","target":["https:\/\/arnomikkor.com\/pulmafoto\/fotoraamatud\/"]}]},{"@type":"BreadcrumbList","@id":"https:\/\/arnomikkor.com\/pulmafoto\/fotoraamatud\/#breadcrumb","itemListElement":[{"@type":"ListItem","position":1,"name":"Home","item":"https:\/\/arnomikkor.com\/pulmafoto\/"},{"@type":"ListItem","position":2,"name":"Fotoraamatud"}]},{"@type":"WebSite","@id":"https:\/\/arnomikkor.com\/pulmafoto\/#website","url":"https:\/\/arnomikkor.com\/pulmafoto\/","name":"Pulmafotograaf Arno Mikkor","description":"Pildistan ilusad hetked ajatuteks fotodeks!","publisher":{"@id":"https:\/\/arnomikkor.com\/pulmafoto\/#\/schema\/person\/b21c9c37d775c4f7f7373be2d82f0618"},"potentialAction":[{"@type":"SearchAction","target":{"@type":"EntryPoint","urlTemplate":"https:\/\/arnomikkor.com\/pulmafoto\/?s={search_term_string}"},"query-input":{"@type":"PropertyValueSpecification","valueRequired":true,"valueName":"search_term_string"}}],"inLanguage":"et"},{"@type":["Person","Organization"],"@id":"https:\/\/arnomikkor.com\/pulmafoto\/#\/schema\/person\/b21c9c37d775c4f7f7373be2d82f0618","name":"Sinitaevas","image":{"@type":"ImageObject","inLanguage":"et","@id":"https:\/\/arnomikkor.com\/pulmafoto\/wp-content\/uploads\/2024\/03\/Arno-Mikkor-fotograaf.png","url":"https:\/\/arnomikkor.com\/pulmafoto\/wp-content\/uploads\/2024\/03\/Arno-Mikkor-fotograaf.png","contentUrl":"https:\/\/arnomikkor.com\/pulmafoto\/wp-content\/uploads\/2024\/03\/Arno-Mikkor-fotograaf.png","width":972,"height":972,"caption":"Sinitaevas"},"logo":{"@id":"https:\/\/arnomikkor.com\/pulmafoto\/wp-content\/uploads\/2024\/03\/Arno-Mikkor-fotograaf.png"}}]}},"_links":{"self":[{"href":"https:\/\/arnomikkor.com\/pulmafoto\/wp-json\/wp\/v2\/pages\/422","targetHints":{"allow":["GET"]}}],"collection":[{"href":"https:\/\/arnomikkor.com\/pulmafoto\/wp-json\/wp\/v2\/pages"}],"about":[{"href":"https:\/\/arnomikkor.com\/pulmafoto\/wp-json\/wp\/v2\/types\/page"}],"author":[{"embeddable":true,"href":"https:\/\/arnomikkor.com\/pulmafoto\/wp-json\/wp\/v2\/users\/1"}],"replies":[{"embeddable":true,"href":"https:\/\/arnomikkor.com\/pulmafoto\/wp-json\/wp\/v2\/comments?post=422"}],"version-history":[{"count":0,"href":"https:\/\/arnomikkor.com\/pulmafoto\/wp-json\/wp\/v2\/pages\/422\/revisions"}],"wp:attachment":[{"href":"https:\/\/arnomikkor.com\/pulmafoto\/wp-json\/wp\/v2\/media?parent=422"}],"curies":[{"name":"wp","href":"https:\/\/api.w.org\/{rel}","templated":true}]}}