{"id":9090,"date":"2023-07-26T11:35:48","date_gmt":"2023-07-26T08:35:48","guid":{"rendered":"https:\/\/arnomikkor.com\/pulmafoto\/?page_id=9090"},"modified":"2026-01-26T13:37:34","modified_gmt":"2026-01-26T10:37:34","slug":"pulmafoto-tingimused","status":"publish","type":"page","link":"https:\/\/arnomikkor.com\/pulmafoto\/pulmafoto-tingimused\/","title":{"rendered":"Teenused ja hinnakiri"},"content":{"rendered":"\n<p>Minult saab tellida k\u00f5iki tavap\u00e4raseid pulmafototeenuseid.<br>Pildistan nii suuri kui v\u00e4ikesi pulmapidusid, soovi korral ka ainult tseremooniat, ainult ilupilte v\u00f5i muud pulmapeo osa tingimusel, et see sobib minu kalendriga. Olen pildistanud nii 150 inimesega suuri pidusid kui ka armsaid tseremooniaid, mille tunnistajaks peale paaripanija olengi mina ainukesena. Pildistan nii eel- kui j\u00e4relsessioone. Eelsessiooni k\u00e4igus saame tuttavaks, nii l\u00e4heb peop\u00e4eval k\u00f5ik ladusamalt ja loomulikult saate ka hulga pilte, mida saab kasutada n\u00e4iteks peol vanematele kinkimiseks v\u00f5i lihtsalt perepiltidena, perepilte ma teengi ainult enda pulmaklientidele. Kuna olen pulmades palju k\u00e4inud ja palju n\u00e4inud, n\u00f5ustan heal meelel, aga ei suru enda maitset peale. <\/p>\n\n\n\n<p><strong>Pulmafoto hinnakiri ja tingimused 2025<\/strong><br>K\u00f5ik paketid on kohandatavad vastavalt teie soovidele, teen personaalse pakkumise. <strong>Vaiksel hooajal<\/strong> (1. september- 31. m\u00e4rts) on soodsamad hinnad. Samuti kehtib <strong>soodustus viimase hetke p\u00e4ringutele,<\/strong> kui p\u00e4ringust peop\u00e4evani on alla 30 p\u00e4eva. Ma ei saa garanteerida, et olen vaba, aga k\u00fcsida tasub! Paremaid fotosid soovin kasutada oma t\u00f6\u00f6 reklaamimiseks, kasutuse koosk\u00f5lastan enne teiega. Kui soovite, et pildid minu kaudu ei levi, andke palun sellest teada enne broneeringu tegemist. Olen teie peop\u00e4evaks broneeritud alates hetkest, kui oleme selles kirjalikult kokku leppinud ja olete maksnud broneeringutasu. Selle kohta esitan arve ja see l\u00e4heb l\u00f5ppsummast maha.&nbsp;Olulised detailid ja kellaajad arutame ka e-maili teel l\u00e4bi ja vajadusel s\u00f5lmime lepingu. <strong>Kuna standartset pulmap\u00e4eva ei ole, on hinnad ligikaudsed. K\u00fcsige personaalset pakkumist!<\/strong><\/p>\n\n\n\n<p><strong>Variant 1 <br>Kuni 2h pildistamist<\/strong> <br>-eelnev kohtumine ja konsultatsioon<br>-tseremoonia ja l\u00fchike ilupildisessioon<br>-t\u00e4issuuruses tr\u00fckik\u00f5lbulikud failid m\u00e4lupulgal, v\u00e4hemalt 100 pildifaili<br>-veebigalerii, kust k\u00fclalised saavad pilte ise tellida<br>-pildid valmis 7 p\u00e4evaga, esimesed 10 saadan hiljemalt j\u00e4rgmisel p\u00e4eval<br><strong>Hind alates 250.-<\/strong><\/p>\n\n\n\n<p><strong>Variant 2<\/strong><br><strong>Kuni 4h pildistamist, pildistamise l\u00f5pp mitte hiljem kui 20:00<\/strong> <br>-eelnev kohtumine ja konsultatsioon<br>-ettevalmistuste l\u00f5puosa j\u00e4\u00e4dvustamine ja esmakohtumise j\u00e4\u00e4dvustamine<br>-ilupildisessioon<br>-tseremoonia<br>-\u00f5nnitlemine<br>-grupildid<br>-25 paberfotot 10&#215;15 suuruses ja t\u00e4issuuruses tr\u00fckik\u00f5lbulikud failid m\u00e4lupulgal, v\u00e4hemalt 200 pildifaili<br>-Veebigalerii, kust k\u00fclalised saavad pilte ise tellida<br>-Pildid valmis 7 p\u00e4evaga, esimesed 10 saadan peoj\u00e4rgsel p\u00e4eval<br><strong>Hind alates 425.-<\/strong><\/p>\n\n\n\n<p><strong>Variant 3<br>Kuni 6h pildistamist<\/strong><br>-eelnev kohtumine ja konsultatsioon<br>-ettevalmistuste l\u00f5puosa j\u00e4\u00e4dvustamine ja esmakohtumise j\u00e4\u00e4dvustamine<br>-tseremoonia<br>-ilupildisessioon<br>-\u00f5nnitlemine<br>-grupipildid<br>-50 paberfotot 10&#215;15 suuruses ja t\u00e4issuuruses tr\u00fckik\u00f5lbulikud failid m\u00e4lupulgal, v\u00e4hemalt 250 pildifaili<br>-veebigalerii, kust k\u00fclalised saavad pilte ise tellida<br>-pildid valmis 14 p\u00e4evaga, esimesed 10 saadan peoj\u00e4rgsel p\u00e4eval<br><strong>Hind alates 600.-<\/strong><\/p>\n\n\n\n<p><strong>Variant 4<br>Kuni 9h pildistamist<br><\/strong>-eelnev kohtumine ja konsultatsioon<br>-ettevalmistuste l\u00f5puosa j\u00e4\u00e4dvustamine ja esmakohtumise j\u00e4\u00e4dvustamine<br>-tseremoonia<br>-ilupildisessioon<br>-\u00f5nnitlemine<br>-grupipildid<br>-peo algusosa j\u00e4\u00e4dvustamine<br>-75 paberfotot 10&#215;15 suuruses ja t\u00e4issuuruses tr\u00fckik\u00f5lbulikud failid m\u00e4lupulgal, v\u00e4hemalt 400 pildifaili<br>-veebigalerii, kust k\u00fclalised saavad pilte ise tellida<br>-pildid valmis 14 p\u00e4evaga, esimesed 10 saadan peoj\u00e4rgsel p\u00e4eval<br><strong>Hind alates 750.-<\/strong><\/p>\n\n\n\n<p><strong>Variant 5 <br>Kuni 13h pildistamist<br><\/strong>-eelnev kohtumine ja konsultatsioon<br>-ettevalmistuste l\u00f5puosa j\u00e4\u00e4dvustamine ja esmakohtumise j\u00e4\u00e4dvustamine<br>-tseremoonia<br>-ilupildisessioon<br>-\u00f5nnitlemine<br>-grupipildid<br>-peo j\u00e4\u00e4dvustamine kuni ametliku osa l\u00f5puni, kui tort s\u00f6\u00f6dud ja kimp visatud\/ m\u00e4ngitud, umbes 00:30neni.<br>-100 paberfotot 10&#215;15 suuruses ja t\u00e4issuuruses tr\u00fckik\u00f5lbulikud failid m\u00e4lupulgal, v\u00e4hemalt 600 pildifaili<br>-veebigalerii, kust k\u00fclalised saavad pilte ise tellida<br>-pildid valmis kuni 30 p\u00e4evaga, esimesed 10 saadan peoj\u00e4rgsel p\u00e4eval<br><strong>Hind alates 1000.-<\/strong><\/p>\n\n\n\n<p>Kui pidu toimub saarel- Hiius, Saares, Muhus vm, kuhu on praami v\u00f5i paadiga s\u00f5it, on transpordikulud vastavalt konkreetsele kokkuleppele. <\/p>\n\n\n\n<p>Broneering hakkab kehtima broneeeringutasu laekumisel, selle kohta esitan arve ja see l\u00e4heb l\u00f5ppsummast maha.<br><br>V\u00f5imalik rentida polaroidkaamerat (Instax Wide).<\/p>\n\n\n\n<p>Tallinnas on mul fotostuudio kasutamise v\u00f5imalus.<\/p>\n\n\n\n<p><strong>Piltide t\u00f6\u00f6tlemine<\/strong><\/p>\n\n\n\n<p>T\u00f6\u00f6tlus sisaldab pisivigade parandamist, ei sisalda nooremaks tegemist (kortsude kaotamine, talje korrigeerimine jm). Vastav t\u00f6\u00f6tlemisteenus on v\u00f5imalik tellida eritasu eest ja kui on selline soov, siis palun sellest teada anda enne broneeringu tegemist.<br>Ma ei edasta kliendile musta materjali ega toorfaile.<\/p>\n\n\n\n<p><strong>Piltide kasutus<\/strong><\/p>\n\n\n\n<p>Fotosid ei ole lubatud omal k\u00e4el t\u00f6\u00f6delda ega lisada neile filtreid (Instagram, FB Messenger jne).<br>Fotod on m\u00f5eldud kliendile isiklikuks kasutamiseks, see t\u00e4hendab luba levitada sotsiaalmeedias, jagamist s\u00f5prade-tuttavatega, printimist \u00fcksk\u00f5ik mis viisil. Sotsiaalmeedias levitades tuleb alati viidata fotode autorile kujul foto: Arno Mikkor<br>Muu kasutuse jaoks, n\u00e4iteks meediav\u00e4ljaannetes, on vajalik minu luba.<\/p>\n\n\n\n<p>K\u00fcsi lisa v\u00f5i tee broneering siin, sisestatud info on n\u00e4htav ainult Arnole: <\/p>\n\n\n<div class='fluentform ff-default fluentform_wrapper_1 ffs_default_wrap'><form data-form_id=\"1\" id=\"fluentform_1\" class=\"frm-fluent-form fluent_form_1 ff-el-form-top ff_form_instance_1_1 ff-form-loading ffs_default\" data-form_instance=\"ff_form_instance_1_1\" method=\"POST\" ><fieldset  style=\"border: none!important;margin: 0!important;padding: 0!important;background-color: transparent!important;box-shadow: none!important;outline: none!important; min-inline-size: 100%;\">\n                    <legend class=\"ff_screen_reader_title\" style=\"display: block; margin: 0!important;padding: 0!important;height: 0!important;text-indent: -999999px;width: 0!important;overflow:hidden;\">Kontaktivorm<\/legend><p style=\"display: none !important;\" class=\"akismet-fields-container\" data-prefix=\"ak_\"><label>&#916;<textarea name=\"ak_hp_textarea\" cols=\"45\" rows=\"8\" maxlength=\"100\"><\/textarea><\/label><input type=\"hidden\" id=\"ak_js_1\" name=\"ak_js\" value=\"146\"\/><script>document.getElementById( \"ak_js_1\" ).setAttribute( \"value\", ( new Date() ).getTime() );<\/script><\/p><input type='hidden' name='__fluent_form_embded_post_id' value='9090' \/><input type=\"hidden\" id=\"_fluentform_1_fluentformnonce\" name=\"_fluentform_1_fluentformnonce\" value=\"024bbeb4b9\" \/><input type=\"hidden\" name=\"_wp_http_referer\" value=\"\/pulmafoto\/wp-json\/wp\/v2\/pages\/9090\" \/><div data-type=\"name-element\" data-name=\"names\" class=\" ff-field_container ff-name-field-wrapper\" ><div class='ff-t-container'><div class='ff-t-cell '><div class='ff-el-group'><div class='ff-el-input--content'><input type=\"text\" name=\"names[first_name]\" id=\"ff_1_names_first_name_\" class=\"ff-el-form-control\" placeholder=\"Nimi\" aria-invalid=\"false\" aria-required=true><\/div><\/div><\/div><\/div><\/div><div class='ff-el-group'><div class='ff-el-input--content'><input type=\"email\" name=\"email\" id=\"ff_1_email\" class=\"ff-el-form-control\" placeholder=\"Emailaadress\" data-name=\"email\"  aria-invalid=\"false\" aria-required=true><\/div><\/div><div class='ff-el-group'><div class='ff-el-input--content'><textarea aria-required=\"true\" aria-labelledby=\"label_ff_1_message\" name=\"message\" id=\"ff_1_message\" class=\"ff-el-form-control\" placeholder=\"Kirja sisu\" rows=\"4\" cols=\"2\" data-name=\"message\" ><\/textarea><\/div><\/div><div class='ff-el-group ff-text-left ff_submit_btn_wrapper'><button type=\"submit\" class=\"ff-btn ff-btn-submit ff-btn-md ff_btn_style\"  aria-label=\"Saada kiri!\">Saada kiri!<\/button><\/div><\/fieldset><\/form><div id='fluentform_1_errors' class='ff-errors-in-stack ff_form_instance_1_1 ff-form-loading_errors ff_form_instance_1_1_errors'><\/div><\/div>            <script type=\"text\/javascript\">\n                window.fluent_form_ff_form_instance_1_1 = {\"id\":\"1\",\"settings\":{\"layout\":{\"labelPlacement\":\"top\",\"helpMessagePlacement\":\"with_label\",\"errorMessagePlacement\":\"inline\",\"cssClassName\":\"\",\"asteriskPlacement\":\"asterisk-right\"},\"restrictions\":{\"denyEmptySubmission\":{\"enabled\":false}}},\"form_instance\":\"ff_form_instance_1_1\",\"form_id_selector\":\"fluentform_1\",\"rules\":{\"names[first_name]\":{\"required\":{\"value\":true,\"message\":\"This field is required\",\"global\":false,\"global_message\":\"This field is required\"}},\"names[middle_name]\":{\"required\":{\"value\":false,\"message\":\"This field is required\",\"global\":false,\"global_message\":\"This field is required\"}},\"names[last_name]\":{\"required\":{\"value\":false,\"message\":\"This field is required\",\"global\":false,\"global_message\":\"This field is required\"}},\"email\":{\"required\":{\"value\":true,\"message\":\"See on n\\u00f5utud v\\u00e4li\",\"global\":false,\"global_message\":\"This field is required\"},\"email\":{\"value\":true,\"message\":\"This field must contain a valid email\",\"global\":false,\"global_message\":\"This field must contain a valid email\"}},\"message\":{\"required\":{\"value\":true,\"message\":\"See on n\\u00f5utud v\\u00e4li\",\"global\":false,\"global_message\":\"This field is required\"}}},\"debounce_time\":300};\n                            <\/script>\n            \n","protected":false},"excerpt":{"rendered":"<p>Minult saab tellida k\u00f5iki tavap\u00e4raseid pulmafototeenuseid.Pildistan nii suuri kui v\u00e4ikesi pulmapidusid, soovi korral ka ainult tseremooniat, ainult ilupilte v\u00f5i muud pulmapeo osa tingimusel, et see sobib minu kalendriga. Olen pildistanud\u2026 <span class=\"read-btn\"><a class=\"read-more\" href=\"https:\/\/arnomikkor.com\/pulmafoto\/pulmafoto-tingimused\/\">Read More &rarr;<\/a><\/span><\/p>\n","protected":false},"author":1,"featured_media":0,"parent":0,"menu_order":0,"comment_status":"closed","ping_status":"closed","template":"","meta":{"footnotes":""},"class_list":["post-9090","page","type-page","status-publish","hentry"],"yoast_head":"<!-- This site is optimized with the Yoast SEO plugin v27.3 - https:\/\/yoast.com\/product\/yoast-seo-wordpress\/ -->\n<title>Teenused ja hinnakiri - Pulmafotograaf Arno Mikkor<\/title>\n<meta name=\"robots\" content=\"index, follow, max-snippet:-1, max-image-preview:large, max-video-preview:-1\" \/>\n<link rel=\"canonical\" href=\"https:\/\/arnomikkor.com\/pulmafoto\/pulmafoto-tingimused\/\" \/>\n<meta property=\"og:locale\" content=\"et_EE\" \/>\n<meta property=\"og:type\" content=\"article\" \/>\n<meta property=\"og:title\" content=\"Teenused ja hinnakiri - Pulmafotograaf Arno Mikkor\" \/>\n<meta property=\"og:description\" content=\"Minult saab tellida k\u00f5iki tavap\u00e4raseid pulmafototeenuseid.Pildistan nii suuri kui v\u00e4ikesi pulmapidusid, soovi korral ka ainult tseremooniat, ainult ilupilte v\u00f5i muud pulmapeo osa tingimusel, et see sobib minu kalendriga. Olen pildistanud\u2026 Read More &rarr;\" \/>\n<meta property=\"og:url\" content=\"https:\/\/arnomikkor.com\/pulmafoto\/pulmafoto-tingimused\/\" \/>\n<meta property=\"og:site_name\" content=\"Pulmafotograaf Arno Mikkor\" \/>\n<meta property=\"article:modified_time\" content=\"2026-01-26T10:37:34+00:00\" \/>\n<meta name=\"twitter:card\" content=\"summary_large_image\" \/>\n<meta name=\"twitter:label1\" content=\"Est. reading time\" \/>\n\t<meta name=\"twitter:data1\" content=\"4 minutit\" \/>\n<script type=\"application\/ld+json\" class=\"yoast-schema-graph\">{\"@context\":\"https:\\\/\\\/schema.org\",\"@graph\":[{\"@type\":\"WebPage\",\"@id\":\"https:\\\/\\\/arnomikkor.com\\\/pulmafoto\\\/pulmafoto-tingimused\\\/\",\"url\":\"https:\\\/\\\/arnomikkor.com\\\/pulmafoto\\\/pulmafoto-tingimused\\\/\",\"name\":\"Teenused ja hinnakiri - Pulmafotograaf Arno Mikkor\",\"isPartOf\":{\"@id\":\"https:\\\/\\\/arnomikkor.com\\\/pulmafoto\\\/#website\"},\"datePublished\":\"2023-07-26T08:35:48+00:00\",\"dateModified\":\"2026-01-26T10:37:34+00:00\",\"breadcrumb\":{\"@id\":\"https:\\\/\\\/arnomikkor.com\\\/pulmafoto\\\/pulmafoto-tingimused\\\/#breadcrumb\"},\"inLanguage\":\"et\",\"potentialAction\":[{\"@type\":\"ReadAction\",\"target\":[\"https:\\\/\\\/arnomikkor.com\\\/pulmafoto\\\/pulmafoto-tingimused\\\/\"]}]},{\"@type\":\"BreadcrumbList\",\"@id\":\"https:\\\/\\\/arnomikkor.com\\\/pulmafoto\\\/pulmafoto-tingimused\\\/#breadcrumb\",\"itemListElement\":[{\"@type\":\"ListItem\",\"position\":1,\"name\":\"Home\",\"item\":\"https:\\\/\\\/arnomikkor.com\\\/pulmafoto\\\/\"},{\"@type\":\"ListItem\",\"position\":2,\"name\":\"Teenused ja hinnakiri\"}]},{\"@type\":\"WebSite\",\"@id\":\"https:\\\/\\\/arnomikkor.com\\\/pulmafoto\\\/#website\",\"url\":\"https:\\\/\\\/arnomikkor.com\\\/pulmafoto\\\/\",\"name\":\"Pulmafotograaf Arno Mikkor\",\"description\":\"Pildistan ilusad hetked ajatuteks fotodeks!\",\"publisher\":{\"@id\":\"https:\\\/\\\/arnomikkor.com\\\/pulmafoto\\\/#\\\/schema\\\/person\\\/b21c9c37d775c4f7f7373be2d82f0618\"},\"potentialAction\":[{\"@type\":\"SearchAction\",\"target\":{\"@type\":\"EntryPoint\",\"urlTemplate\":\"https:\\\/\\\/arnomikkor.com\\\/pulmafoto\\\/?s={search_term_string}\"},\"query-input\":{\"@type\":\"PropertyValueSpecification\",\"valueRequired\":true,\"valueName\":\"search_term_string\"}}],\"inLanguage\":\"et\"},{\"@type\":[\"Person\",\"Organization\"],\"@id\":\"https:\\\/\\\/arnomikkor.com\\\/pulmafoto\\\/#\\\/schema\\\/person\\\/b21c9c37d775c4f7f7373be2d82f0618\",\"name\":\"Sinitaevas\",\"image\":{\"@type\":\"ImageObject\",\"inLanguage\":\"et\",\"@id\":\"https:\\\/\\\/arnomikkor.com\\\/pulmafoto\\\/wp-content\\\/uploads\\\/2024\\\/03\\\/Arno-Mikkor-fotograaf.png\",\"url\":\"https:\\\/\\\/arnomikkor.com\\\/pulmafoto\\\/wp-content\\\/uploads\\\/2024\\\/03\\\/Arno-Mikkor-fotograaf.png\",\"contentUrl\":\"https:\\\/\\\/arnomikkor.com\\\/pulmafoto\\\/wp-content\\\/uploads\\\/2024\\\/03\\\/Arno-Mikkor-fotograaf.png\",\"width\":972,\"height\":972,\"caption\":\"Sinitaevas\"},\"logo\":{\"@id\":\"https:\\\/\\\/arnomikkor.com\\\/pulmafoto\\\/wp-content\\\/uploads\\\/2024\\\/03\\\/Arno-Mikkor-fotograaf.png\"}}]}<\/script>\n<!-- \/ Yoast SEO plugin. -->","yoast_head_json":{"title":"Teenused ja hinnakiri - Pulmafotograaf Arno Mikkor","robots":{"index":"index","follow":"follow","max-snippet":"max-snippet:-1","max-image-preview":"max-image-preview:large","max-video-preview":"max-video-preview:-1"},"canonical":"https:\/\/arnomikkor.com\/pulmafoto\/pulmafoto-tingimused\/","og_locale":"et_EE","og_type":"article","og_title":"Teenused ja hinnakiri - Pulmafotograaf Arno Mikkor","og_description":"Minult saab tellida k\u00f5iki tavap\u00e4raseid pulmafototeenuseid.Pildistan nii suuri kui v\u00e4ikesi pulmapidusid, soovi korral ka ainult tseremooniat, ainult ilupilte v\u00f5i muud pulmapeo osa tingimusel, et see sobib minu kalendriga. Olen pildistanud\u2026 Read More &rarr;","og_url":"https:\/\/arnomikkor.com\/pulmafoto\/pulmafoto-tingimused\/","og_site_name":"Pulmafotograaf Arno Mikkor","article_modified_time":"2026-01-26T10:37:34+00:00","twitter_card":"summary_large_image","twitter_misc":{"Est. reading time":"4 minutit"},"schema":{"@context":"https:\/\/schema.org","@graph":[{"@type":"WebPage","@id":"https:\/\/arnomikkor.com\/pulmafoto\/pulmafoto-tingimused\/","url":"https:\/\/arnomikkor.com\/pulmafoto\/pulmafoto-tingimused\/","name":"Teenused ja hinnakiri - Pulmafotograaf Arno Mikkor","isPartOf":{"@id":"https:\/\/arnomikkor.com\/pulmafoto\/#website"},"datePublished":"2023-07-26T08:35:48+00:00","dateModified":"2026-01-26T10:37:34+00:00","breadcrumb":{"@id":"https:\/\/arnomikkor.com\/pulmafoto\/pulmafoto-tingimused\/#breadcrumb"},"inLanguage":"et","potentialAction":[{"@type":"ReadAction","target":["https:\/\/arnomikkor.com\/pulmafoto\/pulmafoto-tingimused\/"]}]},{"@type":"BreadcrumbList","@id":"https:\/\/arnomikkor.com\/pulmafoto\/pulmafoto-tingimused\/#breadcrumb","itemListElement":[{"@type":"ListItem","position":1,"name":"Home","item":"https:\/\/arnomikkor.com\/pulmafoto\/"},{"@type":"ListItem","position":2,"name":"Teenused ja hinnakiri"}]},{"@type":"WebSite","@id":"https:\/\/arnomikkor.com\/pulmafoto\/#website","url":"https:\/\/arnomikkor.com\/pulmafoto\/","name":"Pulmafotograaf Arno Mikkor","description":"Pildistan ilusad hetked ajatuteks fotodeks!","publisher":{"@id":"https:\/\/arnomikkor.com\/pulmafoto\/#\/schema\/person\/b21c9c37d775c4f7f7373be2d82f0618"},"potentialAction":[{"@type":"SearchAction","target":{"@type":"EntryPoint","urlTemplate":"https:\/\/arnomikkor.com\/pulmafoto\/?s={search_term_string}"},"query-input":{"@type":"PropertyValueSpecification","valueRequired":true,"valueName":"search_term_string"}}],"inLanguage":"et"},{"@type":["Person","Organization"],"@id":"https:\/\/arnomikkor.com\/pulmafoto\/#\/schema\/person\/b21c9c37d775c4f7f7373be2d82f0618","name":"Sinitaevas","image":{"@type":"ImageObject","inLanguage":"et","@id":"https:\/\/arnomikkor.com\/pulmafoto\/wp-content\/uploads\/2024\/03\/Arno-Mikkor-fotograaf.png","url":"https:\/\/arnomikkor.com\/pulmafoto\/wp-content\/uploads\/2024\/03\/Arno-Mikkor-fotograaf.png","contentUrl":"https:\/\/arnomikkor.com\/pulmafoto\/wp-content\/uploads\/2024\/03\/Arno-Mikkor-fotograaf.png","width":972,"height":972,"caption":"Sinitaevas"},"logo":{"@id":"https:\/\/arnomikkor.com\/pulmafoto\/wp-content\/uploads\/2024\/03\/Arno-Mikkor-fotograaf.png"}}]}},"_links":{"self":[{"href":"https:\/\/arnomikkor.com\/pulmafoto\/wp-json\/wp\/v2\/pages\/9090","targetHints":{"allow":["GET"]}}],"collection":[{"href":"https:\/\/arnomikkor.com\/pulmafoto\/wp-json\/wp\/v2\/pages"}],"about":[{"href":"https:\/\/arnomikkor.com\/pulmafoto\/wp-json\/wp\/v2\/types\/page"}],"author":[{"embeddable":true,"href":"https:\/\/arnomikkor.com\/pulmafoto\/wp-json\/wp\/v2\/users\/1"}],"replies":[{"embeddable":true,"href":"https:\/\/arnomikkor.com\/pulmafoto\/wp-json\/wp\/v2\/comments?post=9090"}],"version-history":[{"count":5,"href":"https:\/\/arnomikkor.com\/pulmafoto\/wp-json\/wp\/v2\/pages\/9090\/revisions"}],"predecessor-version":[{"id":9825,"href":"https:\/\/arnomikkor.com\/pulmafoto\/wp-json\/wp\/v2\/pages\/9090\/revisions\/9825"}],"wp:attachment":[{"href":"https:\/\/arnomikkor.com\/pulmafoto\/wp-json\/wp\/v2\/media?parent=9090"}],"curies":[{"name":"wp","href":"https:\/\/api.w.org\/{rel}","templated":true}]}}